{"id":9,"date":"2015-12-15T07:37:33","date_gmt":"2015-12-15T07:37:33","guid":{"rendered":"http:\/\/consulting.stylemixthemes.com\/demo\/?page_id=9"},"modified":"2021-03-28T18:52:08","modified_gmt":"2021-03-28T18:52:08","slug":"company-overview","status":"publish","type":"page","link":"https:\/\/www.generalsoft.com.tr\/?page_id=9","title":{"rendered":"Hakk\u0131m\u0131zda"},"content":{"rendered":"<p>[vc_row css=&#8221;.vc_custom_1451991003825{margin-bottom: 100px !important;}&#8221;][vc_column offset=&#8221;vc_col-lg-9 vc_col-md-9&#8243;]\n\t\t\t<!-- START About Us Slider REVOLUTION SLIDER 6.2.22 --><p class=\"rs-p-wp-fix\"><\/p>\n\t\t\t<rs-module-wrap id=\"rev_slider_2_1_wrapper\" data-source=\"gallery\" style=\"background:transparent;padding:0;margin:0px auto;margin-top:0;margin-bottom:0;max-width:;\">\n\t\t\t\t<rs-module id=\"rev_slider_2_1\" style=\"\" data-version=\"6.2.22\">\n\t\t\t\t\t<rs-slides>\n\t\t\t\t\t\t<rs-slide data-key=\"rs-3\" data-title=\"Slide\" data-anim=\"ei:d;eo:d;s:d;r:0;t:slidehorizontal;sl:d;\" class=\"third_bg_color\">\n\t\t\t\t\t\t\t<img decoding=\"async\" src=\"\/\/www.generalsoft.com.tr\/wp-content\/plugins\/revslider\/public\/assets\/assets\/transparent.png\" alt=\"Slide\" title=\"Hakk\u0131m\u0131zda\" class=\"rev-slidebg\" data-no-retina>\n<!--\n\t\t\t\t\t\t\t--><rs-layer\n\t\t\t\t\t\t\t\tid=\"slider-2-slide-3-layer-2\" \n\t\t\t\t\t\t\t\tdata-type=\"text\"\n\t\t\t\t\t\t\t\tdata-color=\"rgba(255, 255, 255, 1)\"\n\t\t\t\t\t\t\t\tdata-rsp_ch=\"on\"\n\t\t\t\t\t\t\t\tdata-xy=\"x:18px;y:14px;\"\n\t\t\t\t\t\t\t\tdata-text=\"l:22;\"\n\t\t\t\t\t\t\t\tdata-frame_0=\"tp:600;\"\n\t\t\t\t\t\t\t\tdata-frame_1=\"tp:600;e:power2.inOut;st:500;sR:500;\"\n\t\t\t\t\t\t\t\tdata-frame_999=\"o:0;tp:600;e:nothing;st:w;sR:8200;\"\n\t\t\t\t\t\t\t\tstyle=\"z-index:5;\"\n\t\t\t\t\t\t\t><div class=\"consulting-rev-title-3\">\n2014<br\/>\ny\u0131l\u0131nda yola \u00e7\u0131kt\u0131k..\n<\/div> \n\t\t\t\t\t\t\t<\/rs-layer><!--\n\n\t\t\t\t\t\t\t--><rs-layer\n\t\t\t\t\t\t\t\tid=\"slider-2-slide-3-layer-5\" \n\t\t\t\t\t\t\t\tdata-type=\"image\"\n\t\t\t\t\t\t\t\tdata-rsp_ch=\"on\"\n\t\t\t\t\t\t\t\tdata-xy=\"x:r;xo:71px;y:59px;\"\n\t\t\t\t\t\t\t\tdata-text=\"l:22;\"\n\t\t\t\t\t\t\t\tdata-dim=\"w:329px;h:315px;\"\n\t\t\t\t\t\t\t\tdata-frame_0=\"tp:600;\"\n\t\t\t\t\t\t\t\tdata-frame_1=\"tp:600;e:power2.inOut;st:500;sR:500;\"\n\t\t\t\t\t\t\t\tdata-frame_999=\"o:0;tp:600;e:nothing;st:w;sR:8200;\"\n\t\t\t\t\t\t\t\tstyle=\"z-index:8;\"\n\t\t\t\t\t\t\t><img loading=\"lazy\" decoding=\"async\" src=\"\/\/www.generalsoft.com.tr\/wp-content\/uploads\/2018\/08\/logo_symbol_square.png\" width=\"640\" height=\"640\" data-no-retina> \n\t\t\t\t\t\t\t<\/rs-layer><!--\n-->\t\t\t\t\t\t<\/rs-slide>\n\t\t\t\t\t\t<rs-slide data-key=\"rs-4\" data-title=\"Slide\" data-anim=\"ei:d;eo:d;s:d;r:0;t:slidehorizontal;sl:d;\">\n\t\t\t\t\t\t\t<img decoding=\"async\" src=\"\/\/www.generalsoft.com.tr\/wp-content\/plugins\/revslider\/public\/assets\/assets\/transparent.png\" alt=\"Slide\" title=\"Hakk\u0131m\u0131zda\" data-bg=\"c:#87bfff;\" class=\"rev-slidebg\" data-no-retina>\n<!--\n\t\t\t\t\t\t\t--><rs-layer\n\t\t\t\t\t\t\t\tid=\"slider-2-slide-4-layer-3\" \n\t\t\t\t\t\t\t\tdata-type=\"text\"\n\t\t\t\t\t\t\t\tdata-color=\"rgba(34, 34, 34, 1)\"\n\t\t\t\t\t\t\t\tdata-rsp_ch=\"on\"\n\t\t\t\t\t\t\t\tdata-xy=\"x:226px;y:142px;\"\n\t\t\t\t\t\t\t\tdata-text=\"l:22;\"\n\t\t\t\t\t\t\t\tdata-frame_0=\"tp:600;\"\n\t\t\t\t\t\t\t\tdata-frame_1=\"tp:600;e:power2.inOut;st:500;sR:500;\"\n\t\t\t\t\t\t\t\tdata-frame_999=\"o:0;tp:600;e:nothing;st:w;sR:8200;\"\n\t\t\t\t\t\t\t\tstyle=\"z-index:5;\"\n\t\t\t\t\t\t\t><div class=\"consulting-rev-text-2\">\nT\u00fcm h\u0131z\u0131m\u0131zla geli\u015fmeye devam ediyoruz.\n<\/div> \n\t\t\t\t\t\t\t<\/rs-layer><!--\n\n\t\t\t\t\t\t\t--><a\n\t\t\t\t\t\t\t\tid=\"slider-2-slide-4-layer-4\" \n\t\t\t\t\t\t\t\tclass=\"rs-layer\"\n\t\t\t\t\t\t\t\thref=\"http:\/\/www.generalsoft.com.tr\/?page_id=558\" target=\"_self\" rel=\"nofollow\"\n\t\t\t\t\t\t\t\tdata-type=\"text\"\n\t\t\t\t\t\t\t\tdata-color=\"rgba(255, 255, 255, 1)\"\n\t\t\t\t\t\t\t\tdata-rsp_ch=\"on\"\n\t\t\t\t\t\t\t\tdata-xy=\"x:490px;y:219px;\"\n\t\t\t\t\t\t\t\tdata-text=\"l:22;\"\n\t\t\t\t\t\t\t\tdata-frame_0=\"tp:600;\"\n\t\t\t\t\t\t\t\tdata-frame_1=\"tp:600;e:power2.inOut;st:500;sR:500;\"\n\t\t\t\t\t\t\t\tdata-frame_999=\"o:0;tp:600;e:nothing;st:w;sR:8200;\"\n\t\t\t\t\t\t\t\tstyle=\"z-index:6;\"\n\t\t\t\t\t\t\t><a href class=\"button icon_right bordered theme_style_2\">\u00dcr\u00fcnlerimize G\u00f6z At\u0131n <i class=\"fa fa-chevron-right\"><\/i><\/a> \n\t\t\t\t\t\t\t<\/a><!--\n-->\t\t\t\t\t\t<\/rs-slide>\n\t\t\t\t\t<\/rs-slides>\n\t\t\t\t<\/rs-module>\n\t\t\t\t<script type=\"text\/javascript\">\n\t\t\t\t\tsetREVStartSize({c: 'rev_slider_2_1',rl:[1240,1024,778,480],el:[],gw:[825],gh:[407],type:'carousel',justify:'',layout:'fullwidth',mh:\"0\"});\n\t\t\t\t\tvar\trevapi2,\n\t\t\t\t\t\ttpj;\n\t\t\t\t\tfunction revinit_revslider21() {\n\t\t\t\t\tjQuery(function() {\n\t\t\t\t\t\ttpj = jQuery;\n\t\t\t\t\t\trevapi2 = tpj(\"#rev_slider_2_1\");\n\t\t\t\t\t\tif(revapi2==undefined || revapi2.revolution == undefined){\n\t\t\t\t\t\t\trevslider_showDoubleJqueryError(\"rev_slider_2_1\");\n\t\t\t\t\t\t}else{\n\t\t\t\t\t\t\trevapi2.revolution({\n\t\t\t\t\t\t\t\tsliderType:\"carousel\",\n\t\t\t\t\t\t\t\tvisibilityLevels:\"1240,1024,778,480\",\n\t\t\t\t\t\t\t\tgridwidth:825,\n\t\t\t\t\t\t\t\tgridheight:407,\n\t\t\t\t\t\t\t\tspinner:\"spinner0\",\n\t\t\t\t\t\t\t\tperspectiveType:\"local\",\n\t\t\t\t\t\t\t\tresponsiveLevels:\"1240,1024,778,480\",\n\t\t\t\t\t\t\t\tprogressBar:{disableProgressBar:true},\n\t\t\t\t\t\t\t\tnavigation: {\n\t\t\t\t\t\t\t\t\tmouseScrollNavigation:false,\n\t\t\t\t\t\t\t\t\tonHoverStop:false,\n\t\t\t\t\t\t\t\t\tbullets: {\n\t\t\t\t\t\t\t\t\t\tenable:true,\n\t\t\t\t\t\t\t\t\t\ttmp:\"\",\n\t\t\t\t\t\t\t\t\t\tv_offset:40,\n\t\t\t\t\t\t\t\t\t\tspace:20\n\t\t\t\t\t\t\t\t\t}\n\t\t\t\t\t\t\t\t},\n\t\t\t\t\t\t\t\tfallbacks: {\n\t\t\t\t\t\t\t\t\tallowHTML5AutoPlayOnAndroid:true\n\t\t\t\t\t\t\t\t},\n\t\t\t\t\t\t\t});\n\t\t\t\t\t\t}\n\t\t\t\t\t\t\n\t\t\t\t\t});\n\t\t\t\t\t} \/\/ End of RevInitScript\n\t\t\t\tvar once_revslider21 = false;\n\t\t\t\tif (document.readyState === \"loading\") {document.addEventListener('readystatechange',function() { if((document.readyState === \"interactive\" || document.readyState === \"complete\") && !once_revslider21 ) { once_revslider21 = true; revinit_revslider21();}});} else {once_revslider21 = true; revinit_revslider21();}\n\t\t\t\t<\/script>\n\t\t\t<\/rs-module-wrap>\n\t\t\t<!-- END REVOLUTION SLIDER -->\n[vc_column_text css=&#8221;.vc_custom_1616957522719{margin-top: 40px !important;}&#8221;]<b>Vizyonumuz :\u00a0<\/b>Tercih edilen gelece\u011fe ilham vermek<\/p>\n<p><b>Misyonumuz :\u00a0<\/b>Daha iyi bir d\u00fcnya i\u00e7in teknolojiler \u00fcretmek<\/p>\n<p><b>Slogan\u0131m\u0131z :\u00a0<\/b>&#8220;Gelece\u011fe ilham ver !&#8221;<\/p>\n<p><b>\u0130lkelerimiz :<\/b><\/p>\n<ul>\n<li>Gelece\u011fe y\u00f6n verme cesaretini g\u00f6stermek<\/li>\n<li>Vizyonumuzu tutku haline d\u00f6n\u00fc\u015ft\u00fcrmek<\/li>\n<li>En iyisini yapma odakl\u0131 olmak<\/li>\n<li>Farkl\u0131 olabilmek<\/li>\n<\/ul>\n<h3><\/h3>\n<p><b>Banka Hesab\u0131 Bilgileri\u00a0<\/b><\/p>\n<table>\n<tbody>\n<tr>\n<td>Banka :<\/td>\n<td>Garanti Bankas\u0131<\/td>\n<\/tr>\n<tr>\n<td>\u015eube No:<\/td>\n<td>00017 (Bah\u00e7elievler)<\/td>\n<\/tr>\n<tr>\n<td>Hesap No :<\/td>\n<td>6295517<\/td>\n<\/tr>\n<tr>\n<td>Hesap Sahibi :<\/td>\n<td>GENERALSOFT B\u0130LG\u0130SAYAR TEKNOLOJ\u0130LER\u0130 LTD. \u015eT\u0130.<\/td>\n<\/tr>\n<tr>\n<td>IBAN :<\/td>\n<td>TR61 0006 2000 0170 0006 2955 17<\/td>\n<\/tr>\n<\/tbody>\n<\/table>\n<h3><\/h3>\n<p><b>Ticari Sicil Bilgileri\u00a0<\/b><\/p>\n<table>\n<tbody>\n<tr>\n<td>Ticari \u00dcnvan :<\/td>\n<td>Generalsoft Bilgisayar Teknolojileri Ltd. \u015eti.<\/td>\n<\/tr>\n<tr>\n<td>Ticari Sicil No :<\/td>\n<td>372699<\/td>\n<\/tr>\n<tr>\n<td>Sicil Tarihi :<\/td>\n<td>15.07.2014<\/td>\n<\/tr>\n<tr>\n<td>Adres :<\/td>\n<td>\u00a0Abidin Daver sok. 7\/9 \u00c7ankaya \/ ANKARA<\/td>\n<\/tr>\n<tr>\n<td>\u0130\u015fletme Tipi :<\/td>\n<td>Limited<\/td>\n<\/tr>\n<tr>\n<td>Resmi Web Sitesi :<\/td>\n<td>www.generalsoft.com.tr<\/td>\n<\/tr>\n<\/tbody>\n<\/table>\n<p>[\/vc_column_text][\/vc_column][\/vc_row]<\/p>\n","protected":false},"excerpt":{"rendered":"<p>[vc_row css=&#8221;.vc_custom_1451991003825{margin-bottom: 100px !important;}&#8221;][vc_column offset=&#8221;vc_col-lg-9 vc_col-md-9&#8243;][vc_column_text css=&#8221;.vc_custom_1616957522719{margin-top: 40px !important;}&#8221;]Vizyonumuz :\u00a0Tercih edilen gelece\u011fe ilham vermek Misyonumuz :\u00a0Daha iyi bir d\u00fcnya i\u00e7in teknolojiler \u00fcretmek Slogan\u0131m\u0131z :\u00a0&#8220;Gelece\u011fe ilham ver !&#8221; \u0130lkelerimiz : Gelece\u011fe y\u00f6n verme cesaretini g\u00f6stermek Vizyonumuzu tutku haline d\u00f6n\u00fc\u015ft\u00fcrmek En iyisini yapma odakl\u0131 olmak Farkl\u0131 olabilmek Banka Hesab\u0131 Bilgileri\u00a0 Banka : Garanti Bankas\u0131 \u015eube No: 00017<\/p>\n","protected":false},"author":1,"featured_media":0,"parent":0,"menu_order":0,"comment_status":"closed","ping_status":"closed","template":"","meta":{"footnotes":""},"class_list":["post-9","page","type-page","status-publish","hentry"],"amp_validity":null,"amp_enabled":true,"_links":{"self":[{"href":"https:\/\/www.generalsoft.com.tr\/index.php?rest_route=\/wp\/v2\/pages\/9","targetHints":{"allow":["GET"]}}],"collection":[{"href":"https:\/\/www.generalsoft.com.tr\/index.php?rest_route=\/wp\/v2\/pages"}],"about":[{"href":"https:\/\/www.generalsoft.com.tr\/index.php?rest_route=\/wp\/v2\/types\/page"}],"author":[{"embeddable":true,"href":"https:\/\/www.generalsoft.com.tr\/index.php?rest_route=\/wp\/v2\/users\/1"}],"replies":[{"embeddable":true,"href":"https:\/\/www.generalsoft.com.tr\/index.php?rest_route=%2Fwp%2Fv2%2Fcomments&post=9"}],"version-history":[{"count":6,"href":"https:\/\/www.generalsoft.com.tr\/index.php?rest_route=\/wp\/v2\/pages\/9\/revisions"}],"predecessor-version":[{"id":1842,"href":"https:\/\/www.generalsoft.com.tr\/index.php?rest_route=\/wp\/v2\/pages\/9\/revisions\/1842"}],"wp:attachment":[{"href":"https:\/\/www.generalsoft.com.tr\/index.php?rest_route=%2Fwp%2Fv2%2Fmedia&parent=9"}],"curies":[{"name":"wp","href":"https:\/\/api.w.org\/{rel}","templated":true}]}}