{"id":979,"date":"2016-02-19T06:35:00","date_gmt":"2016-02-19T06:35:00","guid":{"rendered":"http:\/\/consulting.stylemixthemes.com\/demo\/?page_id=979"},"modified":"2020-11-29T15:55:33","modified_gmt":"2020-11-29T15:55:33","slug":"home-2","status":"publish","type":"page","link":"https:\/\/www.generalsoft.com.tr\/","title":{"rendered":"Ana Sayfa"},"content":{"rendered":"<p>[vc_row css=&#8221;.vc_custom_1464852884508{margin-right: -60px !important;margin-bottom: 0px !important;margin-left: -60px !important;}&#8221;][vc_column css=&#8221;.vc_custom_1465465510777{padding-right: 0px !important;padding-left: 0px !important;}&#8221; offset=&#8221;vc_hidden-xs&#8221;][rev_slider_vc alias=&#8221;main_slider&#8221;][\/vc_column][\/vc_row][vc_row css=&#8221;.vc_custom_1469446529446{padding-top: 68px !important;padding-bottom: 49px !important;}&#8221;][vc_column][vc_custom_heading text=&#8221;Uzmanl\u0131k Alanlar\u0131m\u0131z&#8221; font_container=&#8221;tag:h2|font_size:36px|text_align:center|line_height:38px&#8221; use_theme_fonts=&#8221;yes&#8221; css=&#8221;.vc_custom_1533944092236{margin-bottom: 51px !important;}&#8221; el_class=&#8221;stm_secondary_color&#8221;][vc_row_inner][vc_column_inner width=&#8221;1\/3&#8243;][stm_icon_box title_color=&#8221;secondary&#8221; hide_title_line=&#8221;hide_title_line&#8221; icon=&#8221;fa fa-grav&#8221; style=&#8221;icon_top_transparent&#8221; icon_size=&#8221;54&#8243; icon_color=&#8221;secondary&#8221; icon_height=&#8221;75&#8243; title_font_size=&#8221;18&#8243; title_line_height=&#8221;24&#8243; title=&#8221;Sim\u00fclasyon&#8221;]Sim\u00fclasyon sistemleri g\u00fcncel teknolojiler yard\u0131m\u0131yla tekne, araba, u\u00e7ak, bisiklet gibi ara\u00e7lar\u0131n e\u011fitiminden\u00a0 do\u011fal afetlerde tatbikata, ameliyat seanslar\u0131ndan borsa analizlerine kadar \u00e7ok\u00a0 geni\u015f alanlarda insanlar\u0131 ama\u00e7lar\u0131na ula\u015ft\u0131rma amac\u0131yla zaman, mekan, para ve tehlike gibi maliyetlerden tasarruf sa\u011flarken bilgi, tecr\u00fcbe ve g\u00fcven gibi de\u011ferlerin artt\u0131rmaktad\u0131r.[\/stm_icon_box][\/vc_column_inner][vc_column_inner width=&#8221;1\/3&#8243;][stm_icon_box title_color=&#8221;secondary&#8221; hide_title_line=&#8221;hide_title_line&#8221; icon=&#8221;stm-libra&#8221; style=&#8221;icon_top_transparent&#8221; icon_size=&#8221;54&#8243; title=&#8221;Bilgisayar Tabanl\u0131 Psikometrik Testler&#8221; title_font_size=&#8221;18&#8243; title_line_height=&#8221;24&#8243;]Generalsoft bellek testi, muhakeme testi, yatk\u0131nl\u0131k testi, mant\u0131k testi ve bili\u015fsel beceri testleri gibi literat\u00fcrde yo\u011fun bi\u00e7imde y\u00f6nelinen ve bireysel olarak haf\u0131za, dikkat, mant\u0131k gibi olgular\u0131 de\u011ferlendirme ve geli\u015ftirmekten,\u00a0 s\u00fcr\u00fcc\u00fc ve hatta sava\u015f pilotu se\u00e7imine kadar \u00e7ok geni\u015f yelpazede kullan\u0131lmakta olan bilgisayar tabanl\u0131 bu testlerin tasar\u0131m\u0131ndan uygulanmas\u0131na kadar t\u00fcm s\u00fcre\u00e7lerine hakim durumdad\u0131r.[\/stm_icon_box][\/vc_column_inner][vc_column_inner width=&#8221;1\/3&#8243;][stm_icon_box title_color=&#8221;secondary&#8221; hide_title_line=&#8221;hide_title_line&#8221; icon=&#8221;fa fa-microchip&#8221; style=&#8221;icon_top_transparent&#8221; icon_size=&#8221;54&#8243; icon_color=&#8221;secondary&#8221; icon_height=&#8221;75&#8243; title_font_size=&#8221;18&#8243; title_line_height=&#8221;24&#8243; title=&#8221;Teknoloji&#8221;]Makine-insan etkile\u015fiminin giderek artt\u0131\u011f\u0131 g\u00fcn\u00fcm\u00fczde Generalsoft \u00e7e\u015fitli sens\u00f6r ve motor teknolojileri ile \u00e7evreden ve kullan\u0131c\u0131lardan ald\u0131\u011f\u0131 bilgileri anlamland\u0131rabilen ve ama\u00e7lar\u0131 do\u011frultusunda gerek fiziki olarak, gerekse bili\u015fsel olarak kullan\u0131c\u0131lar\u0131na yard\u0131mc\u0131 olan teknolojiler geli\u015ftirmektedir.[\/stm_icon_box][\/vc_column_inner][\/vc_row_inner][vc_separator][vc_row_inner][vc_column_inner width=&#8221;1\/3&#8243;][stm_icon_box title_color=&#8221;secondary&#8221; hide_title_line=&#8221;hide_title_line&#8221; icon=&#8221;fa fa-futbol-o&#8221; style=&#8221;icon_top_transparent&#8221; icon_size=&#8221;54&#8243; title=&#8221;E\u011flence Uygulamalar\u0131&#8221; title_font_size=&#8221;18&#8243; title_line_height=&#8221;24&#8243;]Video oyunlar\u0131 birbirinden farkl\u0131 t\u00fcrleri ile yediden yetmi\u015fe her kesime hitap edebilmektedir. Generalsoft bilgisayar tabanl\u0131 oyunlara ek olarak xbox, playstation gibi oyun konsollar\u0131na, android ve ios gibi mobil platformlara ve web browser&#8217;lara oyun geli\u015ftirebilmektedir.[\/stm_icon_box][\/vc_column_inner][vc_column_inner width=&#8221;1\/3&#8243;][stm_icon_box title_color=&#8221;secondary&#8221; hide_title_line=&#8221;hide_title_line&#8221; icon=&#8221;fa fa-heart&#8221; style=&#8221;icon_top_transparent&#8221; icon_size=&#8221;54&#8243; title=&#8221;Fizik Tedavi Sistemleri&#8221; title_font_size=&#8221;18&#8243; title_line_height=&#8221;24&#8243;]\u00c7e\u015fitli sens\u00f6rler yard\u0131m\u0131yla genellikle video oyunu tabanl\u0131 sistemler \u00fczerinden bir taraftan \u00e7e\u015fitli \u00f6l\u00e7\u00fcm ve egzersizler yapt\u0131r\u0131rken, di\u011fer taraftan kullan\u0131c\u0131y\u0131 e\u011flendirmeyi hedefleyen fizik tedavi sistemlerimiz inme, f\u0131t\u0131k gibi rahats\u0131zl\u0131\u011f\u0131 olan hastalarda etkili oldu\u011fu gibi sa\u011fl\u0131kl\u0131 bireylerde de sa\u011fl\u0131kl\u0131l\u0131k durumunun s\u00fcrd\u00fcr\u00fclmesine katk\u0131da bulunmaktad\u0131r.[\/stm_icon_box][\/vc_column_inner][vc_column_inner width=&#8221;1\/3&#8243;][stm_icon_box title_color=&#8221;secondary&#8221; hide_title_line=&#8221;hide_title_line&#8221; icon=&#8221;fa fa-film&#8221; style=&#8221;icon_top_transparent&#8221; icon_size=&#8221;54&#8243; title=&#8221;Animasyon&#8221; title_font_size=&#8221;18&#8243; title_line_height=&#8221;24&#8243;]A\u011f\u0131rl\u0131kl\u0131 olarak e\u011flence, e\u011fitim, bilgilendirme ve tan\u0131t\u0131m ama\u00e7l\u0131 \u00fcretilen 2 ve 3 boyutlu animasyonlar i\u00e7in gerekti\u011finde seslendirme se\u00e7enekleri de sunulmaktad\u0131r.[\/stm_icon_box][\/vc_column_inner][\/vc_row_inner][vc_separator][vc_row_inner][vc_column_inner width=&#8221;1\/3&#8243;][stm_icon_box title_color=&#8221;secondary&#8221; hide_title_line=&#8221;hide_title_line&#8221; icon=&#8221;fa fa-ravelry&#8221; style=&#8221;icon_top_transparent&#8221; icon_size=&#8221;54&#8243; title=&#8221;2 ve 3 Boyutlu G\u00f6rsel \u0130\u00e7erikler&#8221; title_font_size=&#8221;18&#8243; title_line_height=&#8221;24&#8243;]Animasyonlarda, oyunlarda, afi\u015f ve bro\u015f\u00fcr gibi bas\u0131l\u0131 materyallerde dikkat \u00e7ekme, bilgilendirme ve estetik g\u00f6r\u00fcnt\u00fc kazand\u0131rma ama\u00e7l\u0131 \u00e7e\u015fitli g\u00f6rseller sa\u011flamaktay\u0131z.[\/stm_icon_box][\/vc_column_inner][vc_column_inner width=&#8221;1\/3&#8243;][\/vc_column_inner][vc_column_inner width=&#8221;1\/3&#8243;][stm_icon_box title_color=&#8221;secondary&#8221; hide_title_line=&#8221;hide_title_line&#8221; icon=&#8221;stm-horse_13&#8243; style=&#8221;icon_top_transparent&#8221; icon_size=&#8221;54&#8243; icon_color=&#8221;secondary&#8221; icon_height=&#8221;75&#8243; title_font_size=&#8221;18&#8243; title_line_height=&#8221;24&#8243; title=&#8221;Karar Destek Sistemleri&#8221;]Sa\u011fl\u0131k, e\u011fitim, pazarlama ve ekonomi gibi pek \u00e7ok bran\u015fta kullan\u0131c\u0131lar\u0131na daha isabetli kararlar almakta yard\u0131mc\u0131 olan karar destek sistemleri bug\u00fcn b\u00fcy\u00fck bilgisayar sistemlerinde oldu\u011fu kadar cep telefonlar\u0131 ve tabletler \u00fczerinde de kullan\u0131labilmektedir.[\/stm_icon_box][\/vc_column_inner][\/vc_row_inner][\/vc_column][\/vc_row][vc_row full_width=&#8221;stretch_row_content&#8221; css=&#8221;.vc_custom_1534000618808{background-color: #0a0a0a !important;}&#8221;][vc_column][vc_custom_heading text=&#8221;&#8221; font_container=&#8221;tag:p|text_align:left&#8221;][stm_spacing][\/vc_column][\/vc_row]<\/p>\n","protected":false},"excerpt":{"rendered":"<p>[vc_row css=&#8221;.vc_custom_1464852884508{margin-right: -60px !important;margin-bottom: 0px !important;margin-left: -60px !important;}&#8221;][vc_column css=&#8221;.vc_custom_1465465510777{padding-right: 0px !important;padding-left: 0px !important;}&#8221; offset=&#8221;vc_hidden-xs&#8221;][rev_slider_vc alias=&#8221;main_slider&#8221;][\/vc_column][\/vc_row][vc_row css=&#8221;.vc_custom_1469446529446{padding-top: 68px !important;padding-bottom: 49px !important;}&#8221;][vc_column][vc_custom_heading text=&#8221;Uzmanl\u0131k Alanlar\u0131m\u0131z&#8221; font_container=&#8221;tag:h2|font_size:36px|text_align:center|line_height:38px&#8221; use_theme_fonts=&#8221;yes&#8221; css=&#8221;.vc_custom_1533944092236{margin-bottom: 51px !important;}&#8221; el_class=&#8221;stm_secondary_color&#8221;][vc_row_inner][vc_column_inner width=&#8221;1\/3&#8243;][stm_icon_box title_color=&#8221;secondary&#8221; hide_title_line=&#8221;hide_title_line&#8221; icon=&#8221;fa fa-grav&#8221; style=&#8221;icon_top_transparent&#8221; icon_size=&#8221;54&#8243; icon_color=&#8221;secondary&#8221; icon_height=&#8221;75&#8243; title_font_size=&#8221;18&#8243; title_line_height=&#8221;24&#8243; title=&#8221;Sim\u00fclasyon&#8221;]Sim\u00fclasyon sistemleri g\u00fcncel teknolojiler yard\u0131m\u0131yla tekne, araba, u\u00e7ak, bisiklet gibi ara\u00e7lar\u0131n e\u011fitiminden\u00a0 do\u011fal afetlerde tatbikata, ameliyat<\/p>\n","protected":false},"author":1,"featured_media":0,"parent":0,"menu_order":0,"comment_status":"closed","ping_status":"closed","template":"","meta":{"footnotes":""},"class_list":["post-979","page","type-page","status-publish","hentry"],"amp_validity":null,"amp_enabled":false,"_links":{"self":[{"href":"https:\/\/www.generalsoft.com.tr\/index.php?rest_route=\/wp\/v2\/pages\/979","targetHints":{"allow":["GET"]}}],"collection":[{"href":"https:\/\/www.generalsoft.com.tr\/index.php?rest_route=\/wp\/v2\/pages"}],"about":[{"href":"https:\/\/www.generalsoft.com.tr\/index.php?rest_route=\/wp\/v2\/types\/page"}],"author":[{"embeddable":true,"href":"https:\/\/www.generalsoft.com.tr\/index.php?rest_route=\/wp\/v2\/users\/1"}],"replies":[{"embeddable":true,"href":"https:\/\/www.generalsoft.com.tr\/index.php?rest_route=%2Fwp%2Fv2%2Fcomments&post=979"}],"version-history":[{"count":66,"href":"https:\/\/www.generalsoft.com.tr\/index.php?rest_route=\/wp\/v2\/pages\/979\/revisions"}],"predecessor-version":[{"id":1779,"href":"https:\/\/www.generalsoft.com.tr\/index.php?rest_route=\/wp\/v2\/pages\/979\/revisions\/1779"}],"wp:attachment":[{"href":"https:\/\/www.generalsoft.com.tr\/index.php?rest_route=%2Fwp%2Fv2%2Fmedia&parent=979"}],"curies":[{"name":"wp","href":"https:\/\/api.w.org\/{rel}","templated":true}]}}